{"id":799,"date":"2022-05-27T13:04:35","date_gmt":"2022-05-27T13:04:35","guid":{"rendered":"https:\/\/www.judoclub-weilerswist.de\/?page_id=799"},"modified":"2022-06-22T17:25:11","modified_gmt":"2022-06-22T17:25:11","slug":"trainingshalle","status":"publish","type":"page","link":"https:\/\/www.judoclub-weilerswist.de\/?page_id=799","title":{"rendered":"Trainingshalle"},"content":{"rendered":"\n<p>Wir trainieren im Forum der Gesamtschule Weilerswist.<\/p>\n\n\n\n<p>Martin-Luther-Stra\u00dfe, 53919 Weilerswist<\/p>\n\n\n\n<figure class=\"wp-block-image size-large\"><img loading=\"lazy\" decoding=\"async\" width=\"1024\" height=\"432\" src=\"https:\/\/www.judoclub-weilerswist.de\/wp-content\/uploads\/2020\/08\/Anfahrt-Halle-1024x432.jpg\" alt=\"\" class=\"wp-image-645\" srcset=\"https:\/\/www.judoclub-weilerswist.de\/wp-content\/uploads\/2020\/08\/Anfahrt-Halle-1024x432.jpg 1024w, https:\/\/www.judoclub-weilerswist.de\/wp-content\/uploads\/2020\/08\/Anfahrt-Halle-300x127.jpg 300w, https:\/\/www.judoclub-weilerswist.de\/wp-content\/uploads\/2020\/08\/Anfahrt-Halle-768x324.jpg 768w, https:\/\/www.judoclub-weilerswist.de\/wp-content\/uploads\/2020\/08\/Anfahrt-Halle-1536x648.jpg 1536w, https:\/\/www.judoclub-weilerswist.de\/wp-content\/uploads\/2020\/08\/Anfahrt-Halle.jpg 1884w\" sizes=\"auto, (max-width: 1024px) 100vw, 1024px\" \/><\/figure>\n\n\n\n<p>Von der A1 kommend (rote Linie) Ausfahrt Weilerswist S\u00fcd (110a) nehmen und in Richtung Weilerswist auf L33 \u00fcber den Kreisverkehr auf L163 und anschlie\u00dfend rechts ab am Kreisverkehr die 2. Ausfahrt und die n\u00e4chste M\u00f6glichkeit rechts in die Einfahrt zum Schulgel\u00e4nde einbiegen. (hinterer Parkplatz)<\/p>\n\n\n\n<p>Von der A61 aus kommend Abfahrt 25 Weilerswist nehmen. Dann auf die Bonner Stra\u00dfe in Richtung Weilerswist fahren. im Kreisverker Gradeaus auf die Umgehungsstra\u00dfe fahren. Diese bei der ersten M\u00f6glichkeit rechts verlassen und direkt wieder rechts in die Einfahrt zum Schulgel\u00e4nde einbiegen. (hinterer Parkplatz)<\/p>\n","protected":false},"excerpt":{"rendered":"<p>Wir trainieren im Forum der Gesamtschule Weilerswist. Martin-Luther-Stra\u00dfe, 53919 Weilerswist Von der A1 kommend (rote Linie) Ausfahrt Weilerswist S\u00fcd (110a)<\/p>\n","protected":false},"author":1,"featured_media":0,"parent":0,"menu_order":0,"comment_status":"closed","ping_status":"closed","template":"","meta":{"_mc_calendar":[],"footnotes":""},"class_list":["post-799","page","type-page","status-publish","hentry"],"_links":{"self":[{"href":"https:\/\/www.judoclub-weilerswist.de\/index.php?rest_route=\/wp\/v2\/pages\/799","targetHints":{"allow":["GET"]}}],"collection":[{"href":"https:\/\/www.judoclub-weilerswist.de\/index.php?rest_route=\/wp\/v2\/pages"}],"about":[{"href":"https:\/\/www.judoclub-weilerswist.de\/index.php?rest_route=\/wp\/v2\/types\/page"}],"author":[{"embeddable":true,"href":"https:\/\/www.judoclub-weilerswist.de\/index.php?rest_route=\/wp\/v2\/users\/1"}],"replies":[{"embeddable":true,"href":"https:\/\/www.judoclub-weilerswist.de\/index.php?rest_route=%2Fwp%2Fv2%2Fcomments&post=799"}],"version-history":[{"count":3,"href":"https:\/\/www.judoclub-weilerswist.de\/index.php?rest_route=\/wp\/v2\/pages\/799\/revisions"}],"predecessor-version":[{"id":822,"href":"https:\/\/www.judoclub-weilerswist.de\/index.php?rest_route=\/wp\/v2\/pages\/799\/revisions\/822"}],"wp:attachment":[{"href":"https:\/\/www.judoclub-weilerswist.de\/index.php?rest_route=%2Fwp%2Fv2%2Fmedia&parent=799"}],"curies":[{"name":"wp","href":"https:\/\/api.w.org\/{rel}","templated":true}]}}