{"id":801,"date":"2022-05-27T13:29:27","date_gmt":"2022-05-27T13:29:27","guid":{"rendered":"https:\/\/www.judoclub-weilerswist.de\/?page_id=801"},"modified":"2022-06-22T17:42:38","modified_gmt":"2022-06-22T17:42:38","slug":"judopass","status":"publish","type":"page","link":"https:\/\/www.judoclub-weilerswist.de\/?page_id=801","title":{"rendered":"Judopass"},"content":{"rendered":"\n<p>Was ist ein Judopass?<\/p>\n\n\n\n<p>Der Judopass ist euer &#8222;Mitgliedsausweis&#8220; im Deutschen Judo-Bund.<\/p>\n\n\n\n<p>Dort wird eure &#8222;Karriere&#8220; als Judoka festgehalten.<\/p>\n\n\n\n<p>Das hei\u00dft, es wird jede G\u00fcrtelpr\u00fcfung, jeder Lehrgang und jedes Jahr das ihr Mitglied seit mit einem Eintrag\/Stempel dort festgehalten.<\/p>\n\n\n<div class=\"wp-block-image\">\n<figure class=\"aligncenter size-full is-resized\"><img loading=\"lazy\" decoding=\"async\" src=\"https:\/\/www.judoclub-weilerswist.de\/wp-content\/uploads\/2022\/06\/Judopass.jpg\" alt=\"\" class=\"wp-image-824\" width=\"281\" height=\"399\" srcset=\"https:\/\/www.judoclub-weilerswist.de\/wp-content\/uploads\/2022\/06\/Judopass.jpg 561w, https:\/\/www.judoclub-weilerswist.de\/wp-content\/uploads\/2022\/06\/Judopass-211x300.jpg 211w\" sizes=\"auto, (max-width: 281px) 100vw, 281px\" \/><figcaption>Judopass vom DJB<\/figcaption><\/figure>\n<\/div>\n\n\n<p>Dieser Judopass wird von uns bestellt und verwaltet. Damit stellen wir sicher, dass euer Pass bei den G\u00fcrtelpr\u00fcfungen, Lehrg\u00e4ngen, Turnieren usw. dabei ist.<\/p>\n\n\n\n<p>Er geh\u00f6rt aber EUCH solltet ihr irgendwann den Verein wechseln oder leider aufh\u00f6ren wollen, bekommt ihr diesen Pass nat\u00fcrlich von uns ausgeh\u00e4ndigt.<\/p>\n\n\n\n<p>Sprecht uns bitte an.<\/p>\n","protected":false},"excerpt":{"rendered":"<p>Was ist ein Judopass? Der Judopass ist euer &#8222;Mitgliedsausweis&#8220; im Deutschen Judo-Bund. Dort wird eure &#8222;Karriere&#8220; als Judoka festgehalten. Das<\/p>\n","protected":false},"author":1,"featured_media":0,"parent":0,"menu_order":0,"comment_status":"closed","ping_status":"closed","template":"","meta":{"_mc_calendar":[],"footnotes":""},"class_list":["post-801","page","type-page","status-publish","hentry"],"_links":{"self":[{"href":"https:\/\/www.judoclub-weilerswist.de\/index.php?rest_route=\/wp\/v2\/pages\/801","targetHints":{"allow":["GET"]}}],"collection":[{"href":"https:\/\/www.judoclub-weilerswist.de\/index.php?rest_route=\/wp\/v2\/pages"}],"about":[{"href":"https:\/\/www.judoclub-weilerswist.de\/index.php?rest_route=\/wp\/v2\/types\/page"}],"author":[{"embeddable":true,"href":"https:\/\/www.judoclub-weilerswist.de\/index.php?rest_route=\/wp\/v2\/users\/1"}],"replies":[{"embeddable":true,"href":"https:\/\/www.judoclub-weilerswist.de\/index.php?rest_route=%2Fwp%2Fv2%2Fcomments&post=801"}],"version-history":[{"count":5,"href":"https:\/\/www.judoclub-weilerswist.de\/index.php?rest_route=\/wp\/v2\/pages\/801\/revisions"}],"predecessor-version":[{"id":828,"href":"https:\/\/www.judoclub-weilerswist.de\/index.php?rest_route=\/wp\/v2\/pages\/801\/revisions\/828"}],"wp:attachment":[{"href":"https:\/\/www.judoclub-weilerswist.de\/index.php?rest_route=%2Fwp%2Fv2%2Fmedia&parent=801"}],"curies":[{"name":"wp","href":"https:\/\/api.w.org\/{rel}","templated":true}]}}